{"id":5,"date":"2017-12-01T09:52:54","date_gmt":"2017-12-01T09:52:54","guid":{"rendered":"http:\/\/bridge122.qodeinteractive.com\/?page_id=5"},"modified":"2021-03-14T10:47:20","modified_gmt":"2021-03-14T10:47:20","slug":"home","status":"publish","type":"page","link":"https:\/\/yellow-frog-148581.hostingersite.com\/","title":{"rendered":"Home"},"content":{"rendered":"<p>[vc_row css_animation=&#8221;&#8221; row_type=&#8221;row&#8221; use_row_as_full_screen_section=&#8221;no&#8221; type=&#8221;full_width&#8221; angled_section=&#8221;no&#8221; text_align=&#8221;center&#8221; background_image_as_pattern=&#8221;without_pattern&#8221; padding_top=&#8221;0&#8243; padding_bottom=&#8221;0&#8243; z_index=&#8221;&#8221; css=&#8221;.vc_custom_1559047256871{margin-top: 14% !important;}&#8221;][vc_column][qode_elements_holder number_of_columns=&#8221;one_column&#8221;][qode_elements_holder_item advanced_animations=&#8221;no&#8221; item_padding=&#8221;0 0 0 0&#8243; item_padding_1280_1440=&#8221;8px 0 0 0&#8243; item_padding_1024_1280=&#8221;39px 0 0 0&#8243; item_padding_480_600=&#8221;125px 0 0 0&#8243; item_padding_480=&#8221;125px 0 0 0&#8243;][vc_separator type=&#8221;transparent&#8221; up=&#8221;-280&#8243;][rev_slider_vc alias=&#8221;home-slider&#8221;][\/qode_elements_holder_item][\/qode_elements_holder][\/vc_column][\/vc_row][vc_row css_animation=&#8221;&#8221; row_type=&#8221;row&#8221; use_row_as_full_screen_section=&#8221;no&#8221; type=&#8221;full_width&#8221; angled_section=&#8221;no&#8221; text_align=&#8221;left&#8221; background_image_as_pattern=&#8221;without_pattern&#8221; z_index=&#8221;&#8221; anchor=&#8221;kontakt&#8221;][vc_column offset=&#8221;vc_hidden-lg vc_hidden-md vc_hidden-sm&#8221;][vc_empty_space height=&#8221;80px&#8221;][\/vc_column][\/vc_row][vc_row css_animation=&#8221;&#8221; row_type=&#8221;row&#8221; use_row_as_full_screen_section=&#8221;no&#8221; type=&#8221;grid&#8221; angled_section=&#8221;no&#8221; text_align=&#8221;left&#8221; background_image_as_pattern=&#8221;without_pattern&#8221; z_index=&#8221;&#8221;][vc_column offset=&#8221;vc_col-md-4&#8243; css=&#8221;.vc_custom_1512484849838{margin-top: -53% !important;}&#8221;][qode_elements_holder number_of_columns=&#8221;one_column&#8221;][qode_elements_holder_item advanced_animations=&#8221;no&#8221; item_padding=&#8221;75px 0 0 0&#8243; item_padding_1280_1440=&#8221;46px 0 0 0&#8243; item_padding_1024_1280=&#8221;0 0 0 0&#8243; item_padding_600_768=&#8221;0 0 0 0&#8243; item_padding_480_600=&#8221;0 0 0 0&#8243; item_padding_480=&#8221;0 0 0 0&#8243;][vc_separator type=&#8221;transparent&#8221; up=&#8221;1&#8243;][\/qode_elements_holder_item][\/qode_elements_holder][qode_elements_holder number_of_columns=&#8221;one_column&#8221;][qode_elements_holder_item advanced_animations=&#8221;no&#8221; background_image=&#8221;274&#8243; item_padding=&#8221;35px 17px 17px 37px&#8221; item_padding_1024_1280=&#8221;35px 10px 17px 10px&#8221; item_padding_768_1024=&#8221;7px 10px 7px 10px&#8221; item_padding_480_600=&#8221;10px 17px 8px 17px&#8221; item_padding_480=&#8221;10px 17px 8px 17px&#8221;][vc_column_text]<\/p>\n<h2><span style=\"color: #ffffff;\">VEN\u010cANJA<\/span><\/h2>\n<p>[\/vc_column_text][vc_empty_space height=&#8221;150px&#8221;][vc_row_inner row_type=&#8221;row&#8221; type=&#8221;full_width&#8221; text_align=&#8221;right&#8221; css_animation=&#8221;&#8221;][vc_column_inner][vc_column_text]<span style=\"color: #ffffff;\">U\u010dinite najva\u017eniji dan va\u0161eg \u017eivota nezaboravnim. Unajmite trbu\u0161nu plesa\u010dicu za va\u0161e ven\u010danje. Odu\u0161evite svoje goste,prijatelje i porodicu. Posebna pa\u017enja se posvec\u0301uje mladencima.<\/span>[\/vc_column_text][\/vc_column_inner][\/vc_row_inner][\/qode_elements_holder_item][\/qode_elements_holder][vc_empty_space height=&#8221;40px&#8221;][\/vc_column][vc_column offset=&#8221;vc_col-md-4&#8243; css=&#8221;.vc_custom_1512484861251{margin-top: -53% !important;}&#8221;][qode_elements_holder number_of_columns=&#8221;one_column&#8221;][qode_elements_holder_item advanced_animations=&#8221;no&#8221; item_padding=&#8221;75px 0 0 0&#8243; item_padding_1280_1440=&#8221;46px 0 0 0&#8243; item_padding_1024_1280=&#8221;0 0 0 0&#8243; item_padding_600_768=&#8221;327px 0 0 0&#8243; item_padding_480_600=&#8221;158px 0 0 0&#8243; item_padding_480=&#8221;158px 0 0 0&#8243;][vc_separator type=&#8221;transparent&#8221; up=&#8221;1&#8243;][\/qode_elements_holder_item][\/qode_elements_holder][qode_elements_holder number_of_columns=&#8221;one_column&#8221;][qode_elements_holder_item advanced_animations=&#8221;no&#8221; background_image=&#8221;376&#8243; item_padding=&#8221;35px 17px 17px 37px&#8221; item_padding_1024_1280=&#8221;35px 10px 17px 10px&#8221; item_padding_768_1024=&#8221;7px 10px 7px 10px&#8221; item_padding_480_600=&#8221;10px 17px 8px 17px&#8221; item_padding_480=&#8221;10px 17px 8px 17px&#8221;][vc_column_text]<\/p>\n<h2><span style=\"color: #ffffff;\">RO\u0110ENDANI<\/span><\/h2>\n<p>[\/vc_column_text][vc_empty_space height=&#8221;150px&#8221;][vc_row_inner row_type=&#8221;row&#8221; type=&#8221;full_width&#8221; text_align=&#8221;right&#8221; css_animation=&#8221;&#8221;][vc_column_inner][vc_column_text]<span style=\"color: #ffffff;\">Planirate veliki ro\u0111endan? Organizujete zabavu iznena\u0111enja za voljenu osobu?Iznenadite slavljenika\/cu nezaboravnim poklonom &#8211; unajmite trbu\u0161nu plesa\u010dicu za ro\u0111endansku zabavu.<\/span>[\/vc_column_text][\/vc_column_inner][\/vc_row_inner][\/qode_elements_holder_item][\/qode_elements_holder][vc_empty_space height=&#8221;40px&#8221;][\/vc_column][vc_column offset=&#8221;vc_col-md-4&#8243; css=&#8221;.vc_custom_1512484871128{margin-top: -53% !important;}&#8221;][qode_elements_holder number_of_columns=&#8221;one_column&#8221;][qode_elements_holder_item advanced_animations=&#8221;no&#8221; item_padding=&#8221;75px 0 0 0&#8243; item_padding_1280_1440=&#8221;46px 0 0 0&#8243; item_padding_1024_1280=&#8221;0 0 0 0&#8243; item_padding_600_768=&#8221;327px 0 0 0&#8243; item_padding_480_600=&#8221;158px 0 0 0&#8243; item_padding_480=&#8221;158px 0 0 0&#8243;][vc_separator type=&#8221;transparent&#8221; up=&#8221;1&#8243;][\/qode_elements_holder_item][\/qode_elements_holder][qode_elements_holder number_of_columns=&#8221;one_column&#8221;][qode_elements_holder_item advanced_animations=&#8221;no&#8221; background_image=&#8221;278&#8243; item_padding=&#8221;37px 43px 22px 37px&#8221; item_padding_1024_1280=&#8221;35px 22px 23px 22px&#8221; item_padding_768_1024=&#8221;12px 20px 7px 20px&#8221; item_padding_480_600=&#8221;19px 27px 8px 27px&#8221; item_padding_480=&#8221;19px 27px 8px 27px&#8221;][vc_column_text]<\/p>\n<h2><span style=\"color: #ffffff;\">D\u0415\u010cIJI RO\u0110ENDANI<\/span><\/h2>\n<p>[\/vc_column_text][vc_empty_space height=&#8221;69px&#8221;][vc_column_text]<span style=\"color: #ffffff;\">Ove godine probajte ne\u0161to druga\u010dije za ro\u0111endan va\u0161eg deteta &#8211; trbu\u0161ni ples.<\/span><\/p>\n<p><span style=\"color: #ffffff;\">Savr\u0161eno za decu koje vole da ple\u0161u, mo\u017eete birati izme\u0111u trbu\u0161nog plesa prilag\u0111enog njihovom uzrastu i kratkog \u010dasa sa zabavnim potezima koji \u0107e ih zabaviti i fizi\u010dki aktivirati.<\/span>[\/vc_column_text][\/qode_elements_holder_item][\/qode_elements_holder][vc_empty_space height=&#8221;40px&#8221;][\/vc_column][\/vc_row][vc_row css_animation=&#8221;&#8221; row_type=&#8221;row&#8221; use_row_as_full_screen_section=&#8221;no&#8221; type=&#8221;grid&#8221; angled_section=&#8221;no&#8221; text_align=&#8221;left&#8221; background_image_as_pattern=&#8221;without_pattern&#8221; padding_bottom=&#8221;31&#8243; z_index=&#8221;&#8221;][vc_column css=&#8221;.vc_custom_1558980392079{margin-top: 30px !important;margin-bottom: 30px !important;}&#8221;][vc_column_text]Kroz istoriju Bliskog istoka, orijentalni ples je bio porodi\u010dni ples namenjen prilikama kao \u0161to su ven\u010danja, rodjenja i festivali,bez golotinje i vulgarnosti. Mu\u0161karci, \u017eene i deca u tim kulturama uvek su plesali radi zabave i proslave.<\/p>\n<p>Ako \u017eelite \u017eivu, veselu i nezaboravnu zabavu,iznajmite trbu\u0161nu plesa\u010dicu za va\u0161u posebnu priliku i gledajte kako se gosti odu\u0161evljavaju.<\/p>\n<p>Ples je pogodan za porodi\u010dne i de\u010dije zabave, ven\u010danja, rodjendane, emisije, video spotove, devoja\u010dke i moma\u010dke ve\u010deri.<\/p>\n<p>Ple\u0161e se u profesionalnim kostimima. Postoji vi\u0161e varijanti kostima, zavisno od muzike, koncepta i naravno va\u0161ih \u017eelja. Svi kostimi su pristojni i sastoje se iz gornjeg dela, pojasa, suknje ili \u0161alvara,haljine i ukrasa za ruke ili glavu.<\/p>\n<p>Nastup mo\u017ee biti uz orijentalnu muziku,ili prilagodjen pesmama koje vi izaberete. O pojedinostima se mo\u017eemo dogovoriti i napraviti specijalan program za vas (sporija muzika, br\u017ea, pop, klasika, moderna varijanta itd.).[\/vc_column_text][\/vc_column][\/vc_row][vc_row css_animation=&#8221;&#8221; row_type=&#8221;row&#8221; use_row_as_full_screen_section=&#8221;no&#8221; type=&#8221;grid&#8221; angled_section=&#8221;no&#8221; text_align=&#8221;left&#8221; background_image_as_pattern=&#8221;without_pattern&#8221; padding_bottom=&#8221;31&#8243; z_index=&#8221;&#8221;][vc_column css=&#8221;.vc_custom_1559628143753{margin-bottom: 20px !important;}&#8221; offset=&#8221;vc_hidden-lg vc_hidden-md vc_hidden-sm vc_hidden-xs&#8221;][qode_elements_holder number_of_columns=&#8221;one_column&#8221;][qode_elements_holder_item advanced_animations=&#8221;no&#8221; background_image=&#8221;325&#8243; item_padding=&#8221;0px 12% 28px 12%&#8221;][vc_separator type=&#8221;transparent&#8221; up=&#8221;-22&#8243;]<div class='testimonials_holder clearfix '><div class=\"testimonials testimonials_carousel\" data-show-navigation=\"no\" data-animation-type=\"fade\" data-animation-speed=\"\" data-auto-rotate-slides=\"3\" data-number-per-slide=\"1\"><ul class=\"slides\"><li id=\"testimonials36\" class=\"testimonial_content\"><div class=\"testimonial_content_inner\"><div class=\"testimonial_image_holder\"><img decoding=\"async\" itemprop=\"image\" src=\"https:\/\/yellow-frog-148581.hostingersite.com\/wp-content\/uploads\/2017\/12\/musterija-1.png\" \/><\/div><div class=\"testimonial_text_holder\"><div class=\"testimonial_text_inner\" style=\"\"><p>The elements that create glamour are not specific styles - bias-cut gowns or lacquered furniture - but more qualities: grace, mystery, transcendence.<\/p><p class=\"testimonial_author\" style=\"\">-Susan Federico<\/p><\/div><\/div><\/div><\/li><li id=\"testimonials26\" class=\"testimonial_content\"><div class=\"testimonial_content_inner\"><div class=\"testimonial_image_holder\"><img decoding=\"async\" itemprop=\"image\" src=\"https:\/\/yellow-frog-148581.hostingersite.com\/wp-content\/uploads\/2017\/12\/musterija-1.png\" \/><\/div><div class=\"testimonial_text_holder\"><div class=\"testimonial_text_inner\" style=\"\"><p>I am so grateful to have been a part of an academy that takes the art of dance so seriously. I wish I had found this school earlier in my dance years.<\/p><p class=\"testimonial_author\" style=\"\">- Shayna Jenkins<\/p><\/div><\/div><\/div><\/li><\/ul><\/div><\/div>[\/qode_elements_holder_item][\/qode_elements_holder][\/vc_column][\/vc_row][vc_row css_animation=&#8221;&#8221; row_type=&#8221;row&#8221; use_row_as_full_screen_section=&#8221;no&#8221; type=&#8221;grid&#8221; angled_section=&#8221;no&#8221; text_align=&#8221;left&#8221; background_image_as_pattern=&#8221;without_pattern&#8221; css=&#8221;.vc_custom_1558981091422{padding-top: 157px !important;padding-bottom: 216px !important;background-image: url(https:\/\/yellow-frog-148581.hostingersite.com\/wp-content\/uploads\/2019\/05\/video-bg.jpg?id=331) !important;}&#8221; z_index=&#8221;&#8221;][vc_column][vc_empty_space height=&#8221;46px&#8221;][\/vc_column][\/vc_row][vc_row css_animation=&#8221;&#8221; row_type=&#8221;row&#8221; use_row_as_full_screen_section=&#8221;no&#8221; type=&#8221;grid&#8221; angled_section=&#8221;no&#8221; text_align=&#8221;center&#8221; background_image_as_pattern=&#8221;without_pattern&#8221; z_index=&#8221;&#8221;][vc_column offset=&#8221;vc_col-lg-offset-2 vc_col-lg-8 vc_col-md-offset-1 vc_col-md-10 vc_col-sm-offset-0 vc_col-xs-12&#8243; css=&#8221;.vc_custom_1521124330443{margin-top: -260px !important;}&#8221;][qode_elements_holder number_of_columns=&#8221;one_column&#8221;][qode_elements_holder_item cover=&#8221;yes&#8221; advanced_animations=&#8221;no&#8221; background_image=&#8221;384&#8243; item_padding=&#8221;209px 50px 175px 50px&#8221; item_padding_1280_1440=&#8221;151px 50px 126px 50px&#8221; item_padding_1024_1280=&#8221;151px 50px 126px 50px&#8221; item_padding_768_1024=&#8221;162px 50px 152px 50px&#8221; item_padding_600_768=&#8221;103px 50px 103px 50px&#8221; item_padding_480=&#8221;13px 50px 20px 50px&#8221;]<div class=\"qode_video_box disabled_hover_overlay\">\n\t<a itemprop=\"image\" class=\"qode_video_image\" href=\"https:\/\/www.youtube.com\/watch?v=i4ySB0SO30M\" data-rel=\"prettyPhoto\">\n\t\t\t\n\t\t\t<img decoding=\"async\" src=\"https:\/\/yellow-frog-148581.hostingersite.com\/wp-content\/uploads\/2019\/05\/button-video-box.png\" \/>\n\t\t\t<span class=\"qode_video_box_button_holder\">\n\t\t\t\t<span class=\"qode_video_box_button\">\n\t\t\t\t\t<span class=\"qode_video_box_button_arrow\">\n\t\t\t\t\t<\/span>\n\t\t\t\t<\/span>\n\t\t\t<\/span>\n\t\t\t<\/a>\n<\/div>[vc_column_text][\/vc_column_text][\/qode_elements_holder_item][\/qode_elements_holder][\/vc_column][\/vc_row][vc_row css_animation=&#8221;&#8221; row_type=&#8221;row&#8221; use_row_as_full_screen_section=&#8221;no&#8221; type=&#8221;full_width&#8221; angled_section=&#8221;no&#8221; text_align=&#8221;left&#8221; background_image_as_pattern=&#8221;without_pattern&#8221; z_index=&#8221;&#8221; anchor=&#8221;kontakt&#8221;][vc_column][vc_empty_space height=&#8221;86px&#8221;][\/vc_column][\/vc_row][vc_row row_type=&#8221;parallax&#8221; parallax_content_width=&#8221;in_grid&#8221; text_align=&#8221;center&#8221; full_screen_section_height=&#8221;no&#8221; anchor=&#8221;contact&#8221; background_image=&#8221;425&#8243; el_id=&#8221;kontakt&#8221;][vc_column][qode_elements_holder number_of_columns=&#8221;one_column&#8221;][qode_elements_holder_item vertical_alignment=&#8221;middle&#8221; horizontal_alignment=&#8221;center&#8221; advanced_animations=&#8221;no&#8221; item_padding=&#8221;62px 25% 75px&#8221; item_padding_768_1024=&#8221;122px 16% 75px&#8221; item_padding_600_768=&#8221;122px 0% 75px&#8221; item_padding_480_600=&#8221;122px 0% 75px&#8221; item_padding_480=&#8221;122px 0% 75px&#8221;][vc_column_text css=&#8221;.vc_custom_1592429091719{padding-bottom: 20px !important;}&#8221;]<\/p>\n<p style=\"text-align: center;\"><span style=\"color: #ffffff; font-family: dancing script;\"><strong><span style=\"font-size: 50pt;\">Kontakt<\/span><\/strong><\/span><\/p>\n<p>[\/vc_column_text][vc_column_text css=&#8221;.vc_custom_1615718837946{padding-top: 10px !important;padding-bottom: 30px !important;}&#8221;]<\/p>\n<p style=\"text-align: center;\"><a href=\"tel:062608559\"><span style=\"color: #ffffff;\"><strong><span style=\"font-size: 30pt; border-bottom: 1px dashed #999;\">062 608 559<\/span><\/strong><\/span><\/a><\/p>\n<p>[\/vc_column_text][\/qode_elements_holder_item][\/qode_elements_holder][\/vc_column][\/vc_row]<\/p>\n","protected":false},"excerpt":{"rendered":"<p>[vc_row css_animation=&#8221;&#8221; row_type=&#8221;row&#8221; use_row_as_full_screen_section=&#8221;no&#8221; type=&#8221;full_width&#8221; angled_section=&#8221;no&#8221; text_align=&#8221;center&#8221; background_image_as_pattern=&#8221;without_pattern&#8221; padding_top=&#8221;0&#8243; padding_bottom=&#8221;0&#8243; z_index=&#8221;&#8221; css=&#8221;.vc_custom_1559047256871{margin-top: 14% !important;}&#8221;][vc_column][qode_elements_holder number_of_columns=&#8221;one_column&#8221;][qode_elements_holder_item advanced_animations=&#8221;no&#8221; item_padding=&#8221;0 0 0 0&#8243; item_padding_1280_1440=&#8221;8px 0 0 0&#8243; item_padding_1024_1280=&#8221;39px 0 0 0&#8243; item_padding_480_600=&#8221;125px 0 0 0&#8243; item_padding_480=&#8221;125px 0 0 0&#8243;][vc_separator type=&#8221;transparent&#8221; up=&#8221;-280&#8243;][rev_slider_vc alias=&#8221;home-slider&#8221;][\/qode_elements_holder_item][\/qode_elements_holder][\/vc_column][\/vc_row][vc_row css_animation=&#8221;&#8221; row_type=&#8221;row&#8221; use_row_as_full_screen_section=&#8221;no&#8221; type=&#8221;full_width&#8221; angled_section=&#8221;no&#8221; text_align=&#8221;left&#8221;&#8230;<\/p>\n","protected":false},"author":1,"featured_media":0,"parent":0,"menu_order":0,"comment_status":"closed","ping_status":"closed","template":"full_width.php","meta":{"footnotes":""},"class_list":["post-5","page","type-page","status-publish","hentry"],"_links":{"self":[{"href":"https:\/\/yellow-frog-148581.hostingersite.com\/index.php?rest_route=\/wp\/v2\/pages\/5"}],"collection":[{"href":"https:\/\/yellow-frog-148581.hostingersite.com\/index.php?rest_route=\/wp\/v2\/pages"}],"about":[{"href":"https:\/\/yellow-frog-148581.hostingersite.com\/index.php?rest_route=\/wp\/v2\/types\/page"}],"author":[{"embeddable":true,"href":"https:\/\/yellow-frog-148581.hostingersite.com\/index.php?rest_route=\/wp\/v2\/users\/1"}],"replies":[{"embeddable":true,"href":"https:\/\/yellow-frog-148581.hostingersite.com\/index.php?rest_route=%2Fwp%2Fv2%2Fcomments&post=5"}],"version-history":[{"count":144,"href":"https:\/\/yellow-frog-148581.hostingersite.com\/index.php?rest_route=\/wp\/v2\/pages\/5\/revisions"}],"predecessor-version":[{"id":484,"href":"https:\/\/yellow-frog-148581.hostingersite.com\/index.php?rest_route=\/wp\/v2\/pages\/5\/revisions\/484"}],"wp:attachment":[{"href":"https:\/\/yellow-frog-148581.hostingersite.com\/index.php?rest_route=%2Fwp%2Fv2%2Fmedia&parent=5"}],"curies":[{"name":"wp","href":"https:\/\/api.w.org\/{rel}","templated":true}]}}